{"id":2802,"date":"2023-03-03T11:52:28","date_gmt":"2023-03-03T14:52:28","guid":{"rendered":"https:\/\/laci.com.br\/site\/?page_id=2802"},"modified":"2023-03-03T12:03:15","modified_gmt":"2023-03-03T15:03:15","slug":"laci-citopatologia","status":"publish","type":"page","link":"https:\/\/laci.com.br\/site\/laci-citopatologia\/","title":{"rendered":"Laci Citopatologia"},"content":{"rendered":"\t\t<div data-elementor-type=\"wp-page\" data-elementor-id=\"2802\" class=\"elementor elementor-2802\">\n\t\t\t\t\t\t<div class=\"elementor-inner\">\n\t\t\t\t<div class=\"elementor-section-wrap\">\n\t\t\t\t\t\t\t\t\t<section class=\"elementor-section elementor-top-section elementor-element elementor-element-d593f60 elementor-section-boxed elementor-section-height-default elementor-section-height-default\" data-id=\"d593f60\" data-element_type=\"section\">\n\t\t\t\t\t\t<div class=\"elementor-container elementor-column-gap-default\">\n\t\t\t\t\t\t\t<div class=\"elementor-row\">\n\t\t\t\t\t<div class=\"elementor-column elementor-col-50 elementor-top-column elementor-element elementor-element-18cab2e4\" data-id=\"18cab2e4\" data-element_type=\"column\">\n\t\t\t<div class=\"elementor-column-wrap elementor-element-populated\">\n\t\t\t\t\t\t\t<div class=\"elementor-widget-wrap\">\n\t\t\t\t\t\t<div class=\"elementor-element elementor-element-18781e2f elementor-widget elementor-widget-wgl-image-layers\" data-id=\"18781e2f\" data-element_type=\"widget\" data-widget_type=\"wgl-image-layers.default\">\n\t\t\t\t<div class=\"elementor-widget-container\">\n\t\t\t<div class=\"wgl-image-layers\"><div class=\"img-layer_image-wrapper slide_right\" style=\"z-index: 1\">\n                <div class=\"img-layer_item\" style=\"transform: translate(0%, 0%);\">\n                    <div class=\"img-layer_image\" style=\"transition: all 800ms; transition-delay: 600ms;\">\n                        <img decoding=\"async\" src=\"http:\/\/laci.com.br\/site\/wp-content\/uploads\/2023\/03\/07001.png\" alt=\"07001\" \/>\n                    <\/div>\n                <\/div>\n            <\/div> <div class=\"img-layer_image-wrapper slide_up\" style=\"z-index: 2\">\n                <div class=\"img-layer_item\" style=\"transform: translate(0%, 0%);\">\n                    <div class=\"img-layer_image\" style=\"transition: all 800ms; transition-delay: 1200ms;\">\n                        <img decoding=\"async\" src=\"http:\/\/laci.com.br\/site\/wp-content\/uploads\/2023\/03\/07002.png\" alt=\"07002\" \/>\n                    <\/div>\n                <\/div>\n            <\/div> <div class=\"img-layer_image-wrapper zoom_in\" style=\"z-index: 3\">\n                <div class=\"img-layer_item\" style=\"transform: translate(0%, 0%);\">\n                    <div class=\"img-layer_image\" style=\"transition: all 800ms; transition-delay: 1800ms;\">\n                        <img decoding=\"async\" src=\"http:\/\/laci.com.br\/site\/wp-content\/uploads\/2023\/01\/fundounidadelogo.png\" alt=\"fundounidadelogo\" \/>\n                    <\/div>\n                <\/div>\n            <\/div> <div class=\"img-layer_image-wrapper zoom_in\" style=\"z-index: 1\">\n                <div class=\"img-layer_item\" style=\"transform: translate(0%, 0%);\">\n                    <div class=\"img-layer_image\" style=\"transition: all 800ms; transition-delay: 2400ms;\">\n                        <img decoding=\"async\" src=\"http:\/\/laci.com.br\/site\/wp-content\/uploads\/2019\/08\/image-layers-2_4.png\" alt=\"image-layers-2_4\" \/>\n                    <\/div>\n                <\/div>\n            <\/div> <\/div>\t\t<\/div>\n\t\t\t\t<\/div>\n\t\t\t\t\t\t<\/div>\n\t\t\t\t\t<\/div>\n\t\t<\/div>\n\t\t\t\t<div class=\"elementor-column elementor-col-50 elementor-top-column elementor-element elementor-element-7494285\" data-id=\"7494285\" data-element_type=\"column\">\n\t\t\t<div class=\"elementor-column-wrap elementor-element-populated\">\n\t\t\t\t\t\t\t<div class=\"elementor-widget-wrap\">\n\t\t\t\t\t\t<div class=\"elementor-element elementor-element-64dd00e9 elementor-widget elementor-widget-spacer\" data-id=\"64dd00e9\" data-element_type=\"widget\" data-widget_type=\"spacer.default\">\n\t\t\t\t<div class=\"elementor-widget-container\">\n\t\t\t<style>\/*! elementor - v3.14.0 - 18-06-2023 *\/\n.elementor-column .elementor-spacer-inner{height:var(--spacer-size)}.e-con{--container-widget-width:100%}.e-con-inner>.elementor-widget-spacer,.e-con>.elementor-widget-spacer{width:var(--container-widget-width,var(--spacer-size));--align-self:var(--container-widget-align-self,initial);--flex-shrink:0}.e-con-inner>.elementor-widget-spacer>.elementor-widget-container,.e-con-inner>.elementor-widget-spacer>.elementor-widget-container>.elementor-spacer,.e-con>.elementor-widget-spacer>.elementor-widget-container,.e-con>.elementor-widget-spacer>.elementor-widget-container>.elementor-spacer{height:100%}.e-con-inner>.elementor-widget-spacer>.elementor-widget-container>.elementor-spacer>.elementor-spacer-inner,.e-con>.elementor-widget-spacer>.elementor-widget-container>.elementor-spacer>.elementor-spacer-inner{height:var(--container-widget-height,var(--spacer-size))}<\/style>\t\t<div class=\"elementor-spacer\">\n\t\t\t<div class=\"elementor-spacer-inner\"><\/div>\n\t\t<\/div>\n\t\t\t\t<\/div>\n\t\t\t\t<\/div>\n\t\t\t\t<div class=\"elementor-element elementor-element-5879a955 elementor-widget elementor-widget-wgl-double-headings\" data-id=\"5879a955\" data-element_type=\"widget\" data-widget_type=\"wgl-double-headings.default\">\n\t\t\t\t<div class=\"elementor-widget-container\">\n\t\t\t<div class=\"wgl-double_heading aleft\"><div class=\"dbl-subtitle\"><span>Unidade 07<\/span><\/div>                <h3 class=\"dbl-title_wrapper\"><span class=\"dbl-title dbl-title_1\">Laci Citopatologia<\/span>                 <\/h3>        <\/div>\t\t<\/div>\n\t\t\t\t<\/div>\n\t\t\t\t<div class=\"elementor-element elementor-element-ee6882a elementor-widget elementor-widget-wgl-tabs\" data-id=\"ee6882a\" data-element_type=\"widget\" data-widget_type=\"wgl-tabs.default\">\n\t\t\t\t<div class=\"elementor-widget-container\">\n\t\t\t        <div class=\"wgl-tabs icon_position-top tabs_align-justify\">\n\n            <div class=\"wgl-tabs_headings\">                    <h4 data-tab-id=\"wgl-tab_2491\" class=\"wgl-tabs_header\">\n                        <span class=\"wgl-tabs_title\">Sobre<\/span>\n\n                        \n                    <\/h4>\n\n                                    <h4 data-tab-id=\"wgl-tab_2492\" class=\"wgl-tabs_header\">\n                        <span class=\"wgl-tabs_title\">Contatos<\/span>\n\n                        \n                    <\/h4>\n\n                            <\/div>\n\n            <div class=\"wgl-tabs_content-wrap\">                    <div data-tab-id=\"wgl-tab_2491\" class=\"wgl-tabs_content\">\n                    <p>A unidade Laci Citopatologia \u00e9 especializada em an\u00e1lises citopatol\u00f3gicas. Com uma equipe altamente capacitada e equipamentos modernos, a unidade \u00e9 capaz de fornecer resultados precisos e confi\u00e1veis para seus pacientes.<\/p><p>A citopatologia \u00e9 uma \u00e1rea da medicina que estuda as c\u00e9lulas, especialmente as c\u00e9lulas anormais, com o objetivo de diagnosticar doen\u00e7as. Atrav\u00e9s de an\u00e1lises microsc\u00f3picas, os citopatologistas s\u00e3o capazes de identificar c\u00e9lulas cancerosas, c\u00e9lulas infectadas por v\u00edrus e bact\u00e9rias, e c\u00e9lulas alteradas por doen\u00e7as autoimunes, entre outras condi\u00e7\u00f5es.<\/p><p>O Laborat\u00f3rio investe constantemente em tecnologia de ponta para aprimorar seus processos e garantir a qualidade dos resultados.<\/p>                    <\/div>\n\n                                    <div data-tab-id=\"wgl-tab_2492\" class=\"wgl-tabs_content\">\n                    <p><strong>ENDERE\u00c7O:<\/strong> <br \/><span role=\"presentation\" dir=\"ltr\">RUA 10 DE MAIO, 626 - SL 203 - CENTRO - ITAPERUNA-RJ<\/span><br role=\"presentation\" \/><span role=\"presentation\" dir=\"ltr\">(PR\u00c9DIO CENTRO CL\u00cdNICO)<\/span><\/p><p><strong>TELEFONES:<br \/><\/strong><span role=\"presentation\" dir=\"ltr\">Tel.: (22)3824-3732 \/ (22)3824-5390 \/ (22)3822-0425<\/span><\/p><p><strong>WhatsApp:<\/strong> <span style=\"color: #339966;\"><a href=\"http:\/\/wa.me\/5522992681519\" style=\"color: #339966;\">(22) 99268-1519<\/a><\/span><\/p><p><strong>E-MAILS:<\/strong> <br \/>atendimento@laci.com.br<br \/>laci@laci.com.br<\/p>                    <\/div>\n\n                            <\/div>\n\n        <\/div>\n        \t\t<\/div>\n\t\t\t\t<\/div>\n\t\t\t\t\t\t<\/div>\n\t\t\t\t\t<\/div>\n\t\t<\/div>\n\t\t\t\t\t\t\t\t<\/div>\n\t\t\t\t\t<\/div>\n\t\t<\/section>\n\t\t\t\t<section class=\"elementor-section elementor-top-section elementor-element elementor-element-65e39f77 elementor-section-boxed elementor-section-height-default elementor-section-height-default\" data-id=\"65e39f77\" data-element_type=\"section\">\n\t\t\t\t\t\t<div class=\"elementor-container elementor-column-gap-default\">\n\t\t\t\t\t\t\t<div class=\"elementor-row\">\n\t\t\t\t\t<div class=\"elementor-column elementor-col-100 elementor-top-column elementor-element elementor-element-5746a631\" data-id=\"5746a631\" data-element_type=\"column\">\n\t\t\t<div class=\"elementor-column-wrap elementor-element-populated\">\n\t\t\t\t\t\t\t<div class=\"elementor-widget-wrap\">\n\t\t\t\t\t\t<div class=\"elementor-element elementor-element-3d7a502b elementor-widget elementor-widget-spacer\" data-id=\"3d7a502b\" data-element_type=\"widget\" data-widget_type=\"spacer.default\">\n\t\t\t\t<div class=\"elementor-widget-container\">\n\t\t\t\t\t<div class=\"elementor-spacer\">\n\t\t\t<div class=\"elementor-spacer-inner\"><\/div>\n\t\t<\/div>\n\t\t\t\t<\/div>\n\t\t\t\t<\/div>\n\t\t\t\t\t\t<\/div>\n\t\t\t\t\t<\/div>\n\t\t<\/div>\n\t\t\t\t\t\t\t\t<\/div>\n\t\t\t\t\t<\/div>\n\t\t<\/section>\n\t\t\t\t<section class=\"elementor-section elementor-top-section elementor-element elementor-element-78f38730 elementor-section-boxed elementor-section-height-default elementor-section-height-default\" data-id=\"78f38730\" data-element_type=\"section\">\n\t\t\t\t\t\t<div class=\"elementor-container elementor-column-gap-default\">\n\t\t\t\t\t\t\t<div class=\"elementor-row\">\n\t\t\t\t\t<div class=\"elementor-column elementor-col-100 elementor-top-column elementor-element elementor-element-1a11d393\" data-id=\"1a11d393\" data-element_type=\"column\">\n\t\t\t<div class=\"elementor-column-wrap elementor-element-populated\">\n\t\t\t\t\t\t\t<div class=\"elementor-widget-wrap\">\n\t\t\t\t\t\t<div class=\"elementor-element elementor-element-7060d6b9 elementor-widget elementor-widget-heading\" data-id=\"7060d6b9\" data-element_type=\"widget\" data-widget_type=\"heading.default\">\n\t\t\t\t<div class=\"elementor-widget-container\">\n\t\t\t<style>\/*! elementor - v3.14.0 - 18-06-2023 *\/\n.elementor-heading-title{padding:0;margin:0;line-height:1}.elementor-widget-heading .elementor-heading-title[class*=elementor-size-]>a{color:inherit;font-size:inherit;line-height:inherit}.elementor-widget-heading .elementor-heading-title.elementor-size-small{font-size:15px}.elementor-widget-heading .elementor-heading-title.elementor-size-medium{font-size:19px}.elementor-widget-heading .elementor-heading-title.elementor-size-large{font-size:29px}.elementor-widget-heading .elementor-heading-title.elementor-size-xl{font-size:39px}.elementor-widget-heading .elementor-heading-title.elementor-size-xxl{font-size:59px}<\/style><h2 class=\"elementor-heading-title elementor-size-default\">Como chegar<\/h2>\t\t<\/div>\n\t\t\t\t<\/div>\n\t\t\t\t\t\t<\/div>\n\t\t\t\t\t<\/div>\n\t\t<\/div>\n\t\t\t\t\t\t\t\t<\/div>\n\t\t\t\t\t<\/div>\n\t\t<\/section>\n\t\t\t\t<section class=\"elementor-section elementor-top-section elementor-element elementor-element-55f69132 elementor-section-boxed elementor-section-height-default elementor-section-height-default\" data-id=\"55f69132\" data-element_type=\"section\">\n\t\t\t\t\t\t<div class=\"elementor-container elementor-column-gap-default\">\n\t\t\t\t\t\t\t<div class=\"elementor-row\">\n\t\t\t\t\t<div class=\"elementor-column elementor-col-100 elementor-top-column elementor-element elementor-element-28fcc77b\" data-id=\"28fcc77b\" data-element_type=\"column\">\n\t\t\t<div class=\"elementor-column-wrap elementor-element-populated\">\n\t\t\t\t\t\t\t<div class=\"elementor-widget-wrap\">\n\t\t\t\t\t\t<div class=\"elementor-element elementor-element-1e0e5e68 elementor-widget elementor-widget-html\" data-id=\"1e0e5e68\" data-element_type=\"widget\" data-widget_type=\"html.default\">\n\t\t\t\t<div class=\"elementor-widget-container\">\n\t\t\t<iframe src=\"https:\/\/www.google.com\/maps\/embed?pb=!1m18!1m12!1m3!1d3719.7359200034716!2d-41.89277628463289!3d-21.202647084614593!2m3!1f0!2f0!3f0!3m2!1i1024!2i768!4f13.1!3m3!1m2!1s0xbc6042c78e34a3%3A0xf6cee0204f6c572d!2sR.%20Dez%20de%20Maio%2C%20626%20-%20Centro%2C%20Itaperuna%20-%20RJ%2C%2028300-000!5e0!3m2!1spt-BR!2sbr!4v1677855729148!5m2!1spt-BR!2sbr\" width=\"600\" height=\"450\" style=\"border:0;\" allowfullscreen=\"\" loading=\"lazy\" referrerpolicy=\"no-referrer-when-downgrade\"><\/iframe>\t\t<\/div>\n\t\t\t\t<\/div>\n\t\t\t\t\t\t<\/div>\n\t\t\t\t\t<\/div>\n\t\t<\/div>\n\t\t\t\t\t\t\t\t<\/div>\n\t\t\t\t\t<\/div>\n\t\t<\/section>\n\t\t\t\t\t\t\t\t\t<\/div>\n\t\t\t<\/div>\n\t\t\t\t\t<\/div>\n\t\t","protected":false},"excerpt":{"rendered":"<p>Unidade 07 Laci Citopatologia Sobre Contatos A unidade Laci Citopatologia \u00e9 especializada em an\u00e1lises citopatol\u00f3gicas. Com uma equipe altamente capacitada e equipamentos modernos, a unidade \u00e9 capaz de fornecer resultados precisos e confi\u00e1veis para seus pacientes. A citopatologia \u00e9 uma \u00e1rea da medicina que estuda as c\u00e9lulas, especialmente as c\u00e9lulas anormais, com o objetivo de [&hellip;]<\/p>\n","protected":false},"author":1,"featured_media":0,"parent":0,"menu_order":0,"comment_status":"closed","ping_status":"closed","template":"","meta":{"footnotes":""},"class_list":["post-2802","page","type-page","status-publish","hentry"],"_links":{"self":[{"href":"https:\/\/laci.com.br\/site\/wp-json\/wp\/v2\/pages\/2802","targetHints":{"allow":["GET"]}}],"collection":[{"href":"https:\/\/laci.com.br\/site\/wp-json\/wp\/v2\/pages"}],"about":[{"href":"https:\/\/laci.com.br\/site\/wp-json\/wp\/v2\/types\/page"}],"author":[{"embeddable":true,"href":"https:\/\/laci.com.br\/site\/wp-json\/wp\/v2\/users\/1"}],"replies":[{"embeddable":true,"href":"https:\/\/laci.com.br\/site\/wp-json\/wp\/v2\/comments?post=2802"}],"version-history":[{"count":7,"href":"https:\/\/laci.com.br\/site\/wp-json\/wp\/v2\/pages\/2802\/revisions"}],"predecessor-version":[{"id":2813,"href":"https:\/\/laci.com.br\/site\/wp-json\/wp\/v2\/pages\/2802\/revisions\/2813"}],"wp:attachment":[{"href":"https:\/\/laci.com.br\/site\/wp-json\/wp\/v2\/media?parent=2802"}],"curies":[{"name":"wp","href":"https:\/\/api.w.org\/{rel}","templated":true}]}}